{"id":2011,"date":"2020-12-01T18:32:09","date_gmt":"2020-12-01T18:32:09","guid":{"rendered":"https:\/\/agefriendlyhomes.ie\/taighde-sonrai\/"},"modified":"2022-01-10T14:35:17","modified_gmt":"2022-01-10T14:35:17","slug":"taighde-sonrai","status":"publish","type":"page","link":"https:\/\/agefriendlyhomes.ie\/ga\/faoin-suiomh-greasain-seo\/taighde-sonrai\/","title":{"rendered":"Taighde &#038; Sonra\u00ed"},"content":{"rendered":"\n<p>Gheobhaidh t\u00fa anseo naisc \u00fas\u00e1ideacha do thaighde agus do shonra\u00ed \u00e1bhartha.<\/p>\n\n<ul class=\"wp-block-list\"><li><ul>&#13;\n \t<li>Cuireann an Phr\u00edomh-Oifig Staidrimh eolas ar f\u00e1il \u00f3n daon\u00e1ireamh maidir le d\u00e9imeagrafaic ar f\u00e9idir rochtain a fh\u00e1il orthu <a href=\"https:\/\/www.cso.ie\/en\/releasesandpublications\/ep\/p-cp3oy\/cp3\/assr\/\" rel=\"noopener\">ar a su\u00edomh gr\u00e9as\u00e1in.<\/a><\/li>&#13;\n<\/ul><\/li><li><ul>&#13;\n \t<li>Cuireann <a href=\"https:\/\/www.dcu.ie\/agefriendly\" rel=\"noopener\">Ollscoil DCU B\u00e1\u00fail le hAois<\/a> liosta d\u2019acmhainn\u00ed agus de thaighe ar f\u00e1il maidir leis an aos\u00fa. Is f\u00e9idir rochtain a fh\u00e1il ar an liosta seo agus ar na hacmhainn\u00ed seo <a href=\"https:\/\/www.dcu.ie\/agefriendly\/useful-links-and-resources\" rel=\"noopener\">ar a su\u00edomh gr\u00e9as\u00e1in. <\/a><\/li>&#13;\n<\/ul><\/li><li><ul>&#13;\n \t<li>Is staid\u00e9ar m\u00f3rsc\u00e1la ar an aos\u00fa in \u00c9irinn \u00e9 an Staid\u00e9ar Fadaimseartha ar an Aos\u00fa in \u00c9irnn. Is f\u00e9idir leat tuilleadh a l\u00e9amh faoin taighde seo, agus naisc a aimsi\u00fa do ph\u00edosa\u00ed taighde agus do shonra\u00ed \u00e1bhartha eile <a href=\"https:\/\/tilda.tcd.ie\/\" rel=\"noopener\">ar a shu\u00edomh gr\u00e9as\u00e1in. <\/a><\/li>&#13;\n<\/ul><\/li><li><ul>&#13;\n \t<li>Is ionad taighde \u00e9 Ionad Geirinteola\u00edochta S\u00f3isialta na h\u00c9ireann in Ollscoil na Gaillimhe a dh\u00edr\u00edonn ar an aos\u00fa in \u00c9irinn agus go hidirn\u00e1isi\u00fanta. Is f\u00e9idir tuilleadh eolais faoin taighde at\u00e1 ar bun aige a aimsi\u00fa ag <a href=\"https:\/\/www.nuigalway.ie\/our-research\/listings\/social-gerontology.html\" rel=\"noopener\">su\u00edomh gr\u00e9as\u00e1in Ionaid Geirinteola\u00edochta S\u00f3isialta na h\u00c9ireann. <\/a><\/li>&#13;\n<\/ul><\/li><li><ul>&#13;\n \t<li>Is gn\u00edomhaireacht st\u00e1it \u00ed <a href=\"https:\/\/www.hrb.ie\/\" rel=\"noopener\">An Bord Taighde Sl\u00e1inte<\/a> a thaca\u00edonn le taighde chun cosc a chur ar thinneas, feabhas a chur ar shl\u00e1inte agus an c\u00faram d\u2019othair a athr\u00fa \u00f3 bhonn. In 2021 d\u2019fhoilsigh s\u00e9 an tuarasc\u00e1il <em>Tith\u00edocht le Taca\u00edocht do Dhaoine Aosta.<\/em> Is f\u00e9idir rochtain a fh\u00e1il ar an tuarasc\u00e1il seo ar <a href=\"https:\/\/www.hrb.ie\/publications\/publication\/housing-with-support-for-older-people\/\" rel=\"noopener\">shu\u00edomh gr\u00e9as\u00e1in an Bhoird Taighde Sl\u00e1inte<\/a>.<\/li>&#13;\n<\/ul><\/li><li><ul>&#13;\n \t<li>Cuireann an Housing Learning and Improvement Network (HousingLIN) bunaithe sa R\u00edocht Aontaithe, mol eolais chuimhsitheach ar f\u00e1il ina bhfuil acmhainn\u00ed ar thith\u00edocht agus ar aos\u00fa. Is f\u00e9idir rochtain a fh\u00e1il ar an mol eolais ar <a href=\"https:\/\/www.housinglin.org.uk\/\" rel=\"noopener\">shu\u00edomh gr\u00e9as\u00e1in HousingLIN<\/a>.<\/li>&#13;\n<\/ul><\/li><li><ul>&#13;\n \t<li>D\u2019fhoilsigh an Comhchoiste Tith\u00edochta, Plean\u00e1la agus Rialtais \u00c1iti\u00fail tuarasc\u00e1il ar Roghanna Tith\u00edochta do Dhaoine Aosta in 2018. Is f\u00e9idir rochtain a fh\u00e1il ar an tuarasc\u00e1il ar shu\u00edomh gr\u00e9as\u00e1in an Oireachtais.<\/li>&#13;\n<\/ul><\/li><li><ul>&#13;\n \t<li>Ba chomhchl\u00e1r \u00e9 an Tionscnamh um Aos\u00fa Sl\u00e1inti\u00fail agus Dearfach faoi cheannas na Roinne Sl\u00e1inte i gcomhar le FSS agus Atlantic Philanthropies. Bh\u00ed s\u00e9 mar aidhm aige an dul chun cinn in \u00c9irinn a thomhas mar \u00e1it iontach chun dul in aois. Shol\u00e1thraigh an tionscnamh seo acmhainn\u00ed ar f\u00e9idir rochtain a fh\u00e1\u00edl orthu ar <a href=\"https:\/\/hapaidotnet.wordpress.com\/\" rel=\"noopener\">shu\u00edomh gr\u00e9as\u00e1in HaPAI. <\/a><\/li>&#13;\n<\/ul><\/li><\/ul>\n","protected":false},"excerpt":{"rendered":"<p>Gheobhaidh t\u00fa anseo naisc \u00fas\u00e1ideacha do thaighde agus do shonra\u00ed \u00e1bhartha. &#13; Cuireann an Phr\u00edomh-Oifig Staidrimh eolas ar f\u00e1il \u00f3n daon\u00e1ireamh maidir le d\u00e9imeagrafaic ar f\u00e9idir rochtain a fh\u00e1il orthu &hellip;<\/p>\n","protected":false},"author":1,"featured_media":1053,"parent":2031,"menu_order":14,"comment_status":"closed","ping_status":"closed","template":"","meta":{"_acf_changed":false,"inline_featured_image":false,"_monsterinsights_skip_tracking":false,"_monsterinsights_sitenote_active":false,"_monsterinsights_sitenote_note":"","_monsterinsights_sitenote_category":0,"_EventAllDay":false,"_EventTimezone":"","_EventStartDate":"","_EventEndDate":"","_EventStartDateUTC":"","_EventEndDateUTC":"","_EventShowMap":false,"_EventShowMapLink":false,"_EventURL":"","_EventCost":"","_EventCostDescription":"","_EventCurrencySymbol":"","_EventCurrencyCode":"","_EventCurrencyPosition":"","_EventDateTimeSeparator":"","_EventTimeRangeSeparator":"","_EventOrganizerID":[],"_EventVenueID":[],"_OrganizerEmail":"","_OrganizerPhone":"","_OrganizerWebsite":"","_VenueAddress":"","_VenueCity":"","_VenueCountry":"","_VenueProvince":"","_VenueState":"","_VenueZip":"","_VenuePhone":"","_VenueURL":"","_VenueStateProvince":"","_VenueLat":"","_VenueLng":"","_VenueShowMap":false,"_VenueShowMapLink":false,"footnotes":""},"class_list":["post-2011","page","type-page","status-publish","has-post-thumbnail","hentry"],"acf":[],"_links":{"self":[{"href":"https:\/\/agefriendlyhomes.ie\/ga\/wp-json\/wp\/v2\/pages\/2011","targetHints":{"allow":["GET"]}}],"collection":[{"href":"https:\/\/agefriendlyhomes.ie\/ga\/wp-json\/wp\/v2\/pages"}],"about":[{"href":"https:\/\/agefriendlyhomes.ie\/ga\/wp-json\/wp\/v2\/types\/page"}],"author":[{"embeddable":true,"href":"https:\/\/agefriendlyhomes.ie\/ga\/wp-json\/wp\/v2\/users\/1"}],"replies":[{"embeddable":true,"href":"https:\/\/agefriendlyhomes.ie\/ga\/wp-json\/wp\/v2\/comments?post=2011"}],"version-history":[{"count":1,"href":"https:\/\/agefriendlyhomes.ie\/ga\/wp-json\/wp\/v2\/pages\/2011\/revisions"}],"predecessor-version":[{"id":2012,"href":"https:\/\/agefriendlyhomes.ie\/ga\/wp-json\/wp\/v2\/pages\/2011\/revisions\/2012"}],"up":[{"embeddable":true,"href":"https:\/\/agefriendlyhomes.ie\/ga\/wp-json\/wp\/v2\/pages\/2031"}],"wp:featuredmedia":[{"embeddable":true,"href":"https:\/\/agefriendlyhomes.ie\/ga\/wp-json\/wp\/v2\/media\/1053"}],"wp:attachment":[{"href":"https:\/\/agefriendlyhomes.ie\/ga\/wp-json\/wp\/v2\/media?parent=2011"}],"curies":[{"name":"wp","href":"https:\/\/api.w.org\/{rel}","templated":true}]}}