{"id":2013,"date":"2021-01-27T11:27:35","date_gmt":"2021-01-27T11:27:35","guid":{"rendered":"https:\/\/agefriendlyhomes.ie\/priomhphrionsabail\/"},"modified":"2022-01-10T14:35:02","modified_gmt":"2022-01-10T14:35:02","slug":"priomhphrionsabail","status":"publish","type":"page","link":"https:\/\/agefriendlyhomes.ie\/ga\/faoin-suiomh-greasain-seo\/priomhphrionsabail\/","title":{"rendered":"Pr\u00edomhphrionsabail"},"content":{"rendered":"\n<h3 class=\"wp-block-heading\"><h3>Roghanna Tith\u00edochta d\u00e1r nDaonra at\u00e1 ag dul in Aois-R\u00e1iteas Polasa\u00ed<\/h3><\/h3>\n\n<p>Is comhr\u00e1iteas polasa\u00ed \u00e9 Roghanna Tith\u00edochta d\u00e1r nDaonra at\u00e1 ag dul in Aois 2019, idir an Roinn Tith\u00edochta, Rialtais \u00c1iti\u00fail agus Oidhreachta, agus an Roinn Sl\u00e1inte. Leagtar amach ann s\u00e9 phrionsabal a dh\u00e9anann eolas don smaointeoireacht strait\u00e9iseach agus don phlean\u00e1il phraitici\u00fail mar a bhaineann s\u00e9 le roghanna tith\u00edochta a fhorbairt mar aon le taca\u00edochta\u00ed do shean\u00f3ir\u00ed. Seo hiad a leanas:<\/p>\n\n<ol class=\"wp-block-list\"><li>1.\tBearta a chur i bhfeidmh a chint\u00f3idh go sol\u00e1thr\u00f3far tith\u00edocht inmharthana san \u00e1it cheart chun go mbeidh ar chumas daoine dul in aois ina gceantar f\u00e9in;<\/li><li>2.\tPolasa\u00ed a dh\u00e9anamh agus \u00e9 a chur i bhfeidhm chun a chinnti\u00fa go dtaca\u00edonn s\u00e9 le hionaid uirbeacha a athnuachan agus a athbheochan; <\/li><li>3.\tTithe agus an timpeallacht a dhearadh de r\u00e9ir phrionsabail na tith\u00edochta inmharthana ar feadh an tsaoil;<\/li><li>4.\t An teicneola\u00edocht ch\u00fanta a chur chun cinn chun cuidi\u00fa le daoine maireacht\u00e1il go neamhsple\u00e1ch;<\/li><li>5.\t Cinnte a dh\u00e9anamh de go gcuirtear san \u00e1ireamh an g\u00e1 at\u00e1 leis an nascacht sh\u00f3isialta nuair at\u00e1 polasa\u00ed \u00e1 chur le ch\u00e9ile; agus <\/li><li>6.\tComhoibri\u00fa chun na spriocanna polasa\u00ed a bhaint amach.<\/li><\/ol>\n\n<figure class=\"wp-block-image size-large\"><img loading=\"lazy\" decoding=\"async\" width=\"1256\" height=\"655\" src=\"https:\/\/agefriendlyhomes.ie\/wp-content\/uploads\/2021\/05\/Key-Principles.png\" alt=\"6 Key Principles:&#13;&#10;Putting in place measures to ensure that sustainable housing is provided in the right location to enable people to age in the community;&#13;&#10;Framing policy and implementation to ensure that they support the renewal and regeneration of urban centres;&#13;&#10;Designing housing and the environment in accordance with the principles of sustainable lifetime housing;&#13;&#10; Promoting the use of assistive technology to support people to live independently;&#13;&#10; Ensuring there is adequate consideration to the need for social connectedness in devising policy; and&#13;&#10; Working together to achieve the policy objectives.\" class=\"wp-image-1219\" srcset=\"https:\/\/agefriendlyhomes.ie\/wp-content\/uploads\/2021\/05\/Key-Principles.png 1256w, https:\/\/agefriendlyhomes.ie\/wp-content\/uploads\/2021\/05\/Key-Principles-960x501.png 960w, https:\/\/agefriendlyhomes.ie\/wp-content\/uploads\/2021\/05\/Key-Principles-567x296.png 567w, https:\/\/agefriendlyhomes.ie\/wp-content\/uploads\/2021\/05\/Key-Principles-288x150.png 288w, https:\/\/agefriendlyhomes.ie\/wp-content\/uploads\/2021\/05\/Key-Principles-567x296@2x.png 1134w, https:\/\/agefriendlyhomes.ie\/wp-content\/uploads\/2021\/05\/Key-Principles-288x150@2x.png 576w\" sizes=\"auto, (max-width: 1256px) 100vw, 1256px\" \/><\/figure>\n\n<p>Ullmha\u00edodh an comhpholasa\u00ed i gcomhth\u00e9acs taighde a bh\u00ed ar si\u00fal, a l\u00e9irigh go raibh daonra na h\u00c9ireann ag dul in aois. Faoi 2051, meastar go mbeidh os cionn 1.6 milli\u00fan duine anseo a bheidh os cionn 65 bliain d\u2019aois.<\/p>\n\n<div class=\"wp-block-image\"><figure class=\"aligncenter size-large is-resized\"><a href=\"https:\/\/assets.gov.ie\/9398\/ca553fa753b64f14b20e4a8dcf9a46ab.pdf\" rel=\"noopener\"><img loading=\"lazy\" decoding=\"async\" src=\"https:\/\/agefriendlyhomes.ie\/wp-content\/uploads\/2021\/02\/Policy-cover.png\" alt=\"Housing Options Policy Cover\" class=\"wp-image-1041\" width=\"237\" height=\"335\" srcset=\"https:\/\/agefriendlyhomes.ie\/wp-content\/uploads\/2021\/02\/Policy-cover.png 473w, https:\/\/agefriendlyhomes.ie\/wp-content\/uploads\/2021\/02\/Policy-cover-288x408.png 288w\" sizes=\"auto, (max-width: 237px) 100vw, 237px\" \/><\/a><\/figure><\/div>\n\n<p>\u2018<a href=\"https:\/\/www.housing.gov.ie\/housing\/special-housing-needs\/older-people\/housing-options-our-ageing-population-policy-statement\" rel=\"noopener\">Roghanna Tith\u00edochta d\u00e1r nDaoinra at\u00e1 ag dul in Aois\u2019<\/a> Sol\u00e1thra\u00edonn s\u00e9 creat a \u00e9asca\u00edonn don Rialtas roghanna tith\u00edochta \u00e9ags\u00fala do shean\u00f3ir\u00ed a chur chun cinn, tith\u00edocht le taca\u00edocht san \u00e1ireamh, ach ina theannta sin, cuireann s\u00e9 chun cinn bearta a chinneoidh go sol\u00e1thr\u00f3far tith\u00edocht inmharthana (le taca\u00edochta\u00ed nuair is g\u00e1) san \u00e1it cheart chun go mbeidh daoine aosta \u00e1balta dul in aois ina gceantar f\u00e9in agus i measc a bpobal f\u00e9in m\u00e1s mian leo.<\/p>\n\n<h3 class=\"wp-block-heading\"><h3>Gr\u00fapa Forfheidhmithe<\/h3><\/h3>\n\n<p>I Me\u00e1n F\u00f3mhair 2019 Buna\u00edodh Gr\u00fapa Forfheidhmithe chun maoirseacht a dh\u00e9anamh ar na Gn\u00edomhartha agus sa Ghr\u00fapa \u00e1ir\u00edtear an d\u00e1 Roinn, Feidhmeannacht na Seirbh\u00edse Sl\u00e1inte, \u00dadar\u00e1is \u00c1iti\u00fala agus p\u00e1irtithe leasmhara \u00e1bhartha.<\/p>\n\n<p>Foils\u00edodh an obair at\u00e1 d\u00e9anta ag an nGr\u00fapa Forfheidhmithe go dt\u00ed seo i dtuarasc\u00e1lacha at\u00e1 le f\u00e1il <a href=\"https:\/\/www.gov.ie\/en\/publication\/ea33c1-housing-options-for-our-ageing-population-policy-statement\/\" rel=\"noopener\">anseo<\/a>.<\/p>\n","protected":false},"excerpt":{"rendered":"<p>Roghanna Tith\u00edochta d\u00e1r nDaonra at\u00e1 ag dul in Aois-R\u00e1iteas Polasa\u00ed Is comhr\u00e1iteas polasa\u00ed \u00e9 Roghanna Tith\u00edochta d\u00e1r nDaonra at\u00e1 ag dul in Aois 2019, idir an Roinn Tith\u00edochta, Rialtais \u00c1iti\u00fail &hellip;<\/p>\n","protected":false},"author":9992,"featured_media":1026,"parent":2031,"menu_order":12,"comment_status":"closed","ping_status":"closed","template":"","meta":{"_acf_changed":false,"inline_featured_image":false,"_monsterinsights_skip_tracking":false,"_monsterinsights_sitenote_active":false,"_monsterinsights_sitenote_note":"","_monsterinsights_sitenote_category":0,"_EventAllDay":false,"_EventTimezone":"","_EventStartDate":"","_EventEndDate":"","_EventStartDateUTC":"","_EventEndDateUTC":"","_EventShowMap":false,"_EventShowMapLink":false,"_EventURL":"","_EventCost":"","_EventCostDescription":"","_EventCurrencySymbol":"","_EventCurrencyCode":"","_EventCurrencyPosition":"","_EventDateTimeSeparator":"","_EventTimeRangeSeparator":"","_EventOrganizerID":[],"_EventVenueID":[],"_OrganizerEmail":"","_OrganizerPhone":"","_OrganizerWebsite":"","_VenueAddress":"","_VenueCity":"","_VenueCountry":"","_VenueProvince":"","_VenueState":"","_VenueZip":"","_VenuePhone":"","_VenueURL":"","_VenueStateProvince":"","_VenueLat":"","_VenueLng":"","_VenueShowMap":false,"_VenueShowMapLink":false,"footnotes":""},"class_list":["post-2013","page","type-page","status-publish","has-post-thumbnail","hentry"],"acf":[],"_links":{"self":[{"href":"https:\/\/agefriendlyhomes.ie\/ga\/wp-json\/wp\/v2\/pages\/2013","targetHints":{"allow":["GET"]}}],"collection":[{"href":"https:\/\/agefriendlyhomes.ie\/ga\/wp-json\/wp\/v2\/pages"}],"about":[{"href":"https:\/\/agefriendlyhomes.ie\/ga\/wp-json\/wp\/v2\/types\/page"}],"author":[{"embeddable":true,"href":"https:\/\/agefriendlyhomes.ie\/ga\/wp-json\/wp\/v2\/users\/9992"}],"replies":[{"embeddable":true,"href":"https:\/\/agefriendlyhomes.ie\/ga\/wp-json\/wp\/v2\/comments?post=2013"}],"version-history":[{"count":2,"href":"https:\/\/agefriendlyhomes.ie\/ga\/wp-json\/wp\/v2\/pages\/2013\/revisions"}],"predecessor-version":[{"id":2186,"href":"https:\/\/agefriendlyhomes.ie\/ga\/wp-json\/wp\/v2\/pages\/2013\/revisions\/2186"}],"up":[{"embeddable":true,"href":"https:\/\/agefriendlyhomes.ie\/ga\/wp-json\/wp\/v2\/pages\/2031"}],"wp:featuredmedia":[{"embeddable":true,"href":"https:\/\/agefriendlyhomes.ie\/ga\/wp-json\/wp\/v2\/media\/1026"}],"wp:attachment":[{"href":"https:\/\/agefriendlyhomes.ie\/ga\/wp-json\/wp\/v2\/media?parent=2013"}],"curies":[{"name":"wp","href":"https:\/\/api.w.org\/{rel}","templated":true}]}}