{"id":2033,"date":"2021-01-13T15:43:04","date_gmt":"2021-01-13T15:43:04","guid":{"rendered":"https:\/\/agefriendlyhomes.ie\/tithe-aoisbhaula\/"},"modified":"2021-11-19T12:36:30","modified_gmt":"2021-11-19T12:36:30","slug":"tithe-aoisbhaula","status":"publish","type":"page","link":"https:\/\/agefriendlyhomes.ie\/ga\/","title":{"rendered":"Tithe Aoisbh\u00e1\u00fala"},"content":{"rendered":"\n<p class=\"pt-r6\">T\u00e1 s\u00e9 t\u00e1bhachtach d\u00fainn go l\u00e9ir go mbeimid compordach agus sl\u00e1inti\u00fail n\u00edos d\u00e9ana\u00ed sa saol. T\u00e1 ionchais dhaoine breacaosta ag athr\u00fa. T\u00e1  na \u2018seandaoine nua\u2019 n\u00edos sl\u00e1inti\u00fala, n\u00edos gn\u00edomha\u00ed agus baineann siad n\u00edos m\u00f3 d\u00edobh \u00fas\u00e1id as an teicneola\u00edocht. Chun freastal ar na hionchais seo at\u00e1 ag athr\u00fa, t\u00e1 g\u00e1 le measc\u00e1n n\u00edos leithne de roghanna tith\u00edochta agus taca\u00edochta\u00ed c\u00faram sl\u00e1inte at\u00e1 aoisbh\u00e1\u00fail, agus a n-oirfidh do n\u00f3sanna maireacht\u00e1la \u00e9ags\u00fala.<\/p>\n\n<p>I measc na roghanna tith\u00edochta seo, is f\u00e9idir tithe at\u00e1 ann cheana f\u00e9in a oiri\u00fan\u00fa chun go n-oirfidh siad n\u00edos fearr do riachtanais dhaoine de r\u00e9ir mar a th\u00e9ann siad in aois, chomh maith le forbairt\u00ed tith\u00edochta nua a th\u00f3g\u00e1il, ar d\u00edol agus ar c\u00edos, at\u00e1 mealltach agus tarraingteach do dhaoine aosta.<\/p>\n\n<p>Is teach \u00e9 Teach Aoisbh\u00e1\u00fail ar f\u00e9idir le daoine de gach aois \u00e9 a \u00fas\u00e1id le linn an tsaoil ar fad. Oireann s\u00e9 go h\u00e1irithe do shean\u00f3ir\u00ed, ar dhaoine iad a n-athra\u00edonn na riachtanais at\u00e1 acu de r\u00e9ir mar a th\u00e9ann siad in aois. Sna Tithe Aoisbh\u00e1\u00fala, cuims\u00edtear gn\u00e9ithe t\u00e1bhachtacha ar n\u00f3s rochtain leibh\u00e9alta agus bheith \u00e1balta dul isteach agus amach go h\u00e9asca. T\u00e1 siad imeasctha sa cheantar agus is f\u00e9idir teicneola\u00edocht ch\u00fanta a chuimsi\u00fa iontu a thac\u00f3idh leis an aos\u00fa in \u00e1it. Cabhra\u00edonn Tithe Aoisbh\u00e1\u00fala le forbairt tith\u00edochta a sheasfaidh an aimsir do dhaonra at\u00e1 ag dul in aois.<\/p>\n\n<h2 class=\"h5 wp-block-heading\">\u201cN\u00ed bhaineann s\u00e9 leis an tith\u00edocht amh\u00e1in, t\u00e1 pobal \u00e1 chruth\u00fa anseo freisin\u201d<\/h2>\n\n<p class=\"has-text-align-right has-small-font-size\">An Ghn\u00edomhaireacht Tith\u00edochta, 2018<\/p>\n\n<p>Cuireann an su\u00edomh gr\u00e9as\u00e1in seo acmhainn\u00ed, treoir agus nascanna ar f\u00e1il le haghaidh foins\u00ed eile eolais chun tac\u00fa le daoine maireacht\u00e1il go maith de r\u00e9ir mar a th\u00e9ann siad in aois. Gheobhaidh t\u00fa eolas anseo mar gheall ar thithe nua agus reatha, deontais agus cisti\u00fa, c\u00faram sl\u00e1inte, eolas maidir le dearadh, le teicneola\u00edocht, an r\u00edocht phoibl\u00ed, rialach\u00e1in, polasa\u00ed agus taighde.<\/p>\n","protected":false},"excerpt":{"rendered":"<p>T\u00e1 s\u00e9 t\u00e1bhachtach d\u00fainn go l\u00e9ir go mbeimid compordach agus sl\u00e1inti\u00fail n\u00edos d\u00e9ana\u00ed sa saol. T\u00e1 ionchais dhaoine breacaosta ag athr\u00fa. T\u00e1 na \u2018seandaoine nua\u2019 n\u00edos sl\u00e1inti\u00fala, n\u00edos gn\u00edomha\u00ed agus &hellip;<\/p>\n","protected":false},"author":9992,"featured_media":1051,"parent":0,"menu_order":23,"comment_status":"closed","ping_status":"closed","template":"","meta":{"_acf_changed":false,"inline_featured_image":false,"_monsterinsights_skip_tracking":false,"_monsterinsights_sitenote_active":false,"_monsterinsights_sitenote_note":"","_monsterinsights_sitenote_category":0,"_EventAllDay":false,"_EventTimezone":"","_EventStartDate":"","_EventEndDate":"","_EventStartDateUTC":"","_EventEndDateUTC":"","_EventShowMap":false,"_EventShowMapLink":false,"_EventURL":"","_EventCost":"","_EventCostDescription":"","_EventCurrencySymbol":"","_EventCurrencyCode":"","_EventCurrencyPosition":"","_EventDateTimeSeparator":"","_EventTimeRangeSeparator":"","_EventOrganizerID":[],"_EventVenueID":[],"_OrganizerEmail":"","_OrganizerPhone":"","_OrganizerWebsite":"","_VenueAddress":"","_VenueCity":"","_VenueCountry":"","_VenueProvince":"","_VenueState":"","_VenueZip":"","_VenuePhone":"","_VenueURL":"","_VenueStateProvince":"","_VenueLat":"","_VenueLng":"","_VenueShowMap":false,"_VenueShowMapLink":false,"footnotes":""},"class_list":["post-2033","page","type-page","status-publish","has-post-thumbnail","hentry"],"acf":[],"_links":{"self":[{"href":"https:\/\/agefriendlyhomes.ie\/ga\/wp-json\/wp\/v2\/pages\/2033","targetHints":{"allow":["GET"]}}],"collection":[{"href":"https:\/\/agefriendlyhomes.ie\/ga\/wp-json\/wp\/v2\/pages"}],"about":[{"href":"https:\/\/agefriendlyhomes.ie\/ga\/wp-json\/wp\/v2\/types\/page"}],"author":[{"embeddable":true,"href":"https:\/\/agefriendlyhomes.ie\/ga\/wp-json\/wp\/v2\/users\/9992"}],"replies":[{"embeddable":true,"href":"https:\/\/agefriendlyhomes.ie\/ga\/wp-json\/wp\/v2\/comments?post=2033"}],"version-history":[{"count":1,"href":"https:\/\/agefriendlyhomes.ie\/ga\/wp-json\/wp\/v2\/pages\/2033\/revisions"}],"predecessor-version":[{"id":2034,"href":"https:\/\/agefriendlyhomes.ie\/ga\/wp-json\/wp\/v2\/pages\/2033\/revisions\/2034"}],"wp:featuredmedia":[{"embeddable":true,"href":"https:\/\/agefriendlyhomes.ie\/ga\/wp-json\/wp\/v2\/media\/1051"}],"wp:attachment":[{"href":"https:\/\/agefriendlyhomes.ie\/ga\/wp-json\/wp\/v2\/media?parent=2033"}],"curies":[{"name":"wp","href":"https:\/\/api.w.org\/{rel}","templated":true}]}}