{"id":2160,"date":"2020-12-03T14:48:02","date_gmt":"2020-12-03T14:48:02","guid":{"rendered":"https:\/\/agefriendlyhomes.ie\/teagmhalacha-naisc-usaideacha\/"},"modified":"2022-05-31T10:49:54","modified_gmt":"2022-05-31T09:49:54","slug":"teagmhalacha-naisc-usaideacha","status":"publish","type":"page","link":"https:\/\/agefriendlyhomes.ie\/ga\/teagmhalacha-naisc-usaideacha\/","title":{"rendered":"Teagmh\u00e1lacha &#038; Naisc \u00das\u00e1ideacha"},"content":{"rendered":"\n<p>Seo th\u00edos t\u00e1 roinnt teagmh\u00e1lacha agus naisc \u00fas\u00e1ideacha:<\/p>\n\n<ul class=\"wp-block-list\"><li><a href=\"https:\/\/agefriendlyireland.ie\/\" target=\"_blank\" rel=\"noreferrer noopener\">Age Friendly Ireland<\/a><\/li><li><a href=\"https:\/\/www.housingagency.ie\/\" target=\"_blank\" rel=\"noreferrer noopener\">Housing Agency<\/a><\/li><li><a href=\"https:\/\/agefriendlyhomes.ie\/ga\/&#xE1;bhair\/pleanail-dearadh-aoisbhauil\/comhairleoir-teicniuil-um-an-tithiocht-a-thacaionn-le-daoine-breacaosta\/\">Age Friendly Housing Technical Advisors<\/a><\/li><li><a href=\"https:\/\/alone.ie\/\" target=\"_blank\" rel=\"noreferrer noopener\">Alone<\/a><\/li><li><a href=\"https:\/\/www.citizensinformation.ie\/en\/\" target=\"_blank\" rel=\"noreferrer noopener\">Citizens Information<\/a><\/li><li><a href=\"https:\/\/alzheimer.ie\/\" target=\"_blank\" rel=\"noreferrer noopener\">Alzheimers Ireland<\/a><\/li><li><a href=\"https:\/\/www.ageaction.ie\/\" target=\"_blank\" rel=\"noreferrer noopener\">Age Action<\/a><\/li><li><a href=\"http:\/\/nda.ie\/\" target=\"_blank\" rel=\"noreferrer noopener\">National Disability Authority<\/a><\/li><li><a href=\"https:\/\/www.hse.ie\/eng\/services\/list\/4\/olderpeople\/\" target=\"_blank\" rel=\"noreferrer noopener\">HSE &#8211; Services for Older People<\/a><\/li><li><a href=\"https:\/\/www.hse.ie\/eng\/services\/list\/4\/olderpeople\/carersrelatives\/\" target=\"_blank\" rel=\"noreferrer noopener\">HSE &#8211; Information for Carers &amp; Relatives<\/a><\/li><\/ul>\n\n<p class=\"has-dark-color has-text-color\"><a href=\"https:\/\/agefriendlyhomes.ie\/test-2\/\">.<\/a><\/p>\n","protected":false},"excerpt":{"rendered":"<p>Seo th\u00edos t\u00e1 roinnt teagmh\u00e1lacha agus naisc \u00fas\u00e1ideacha: Age Friendly Ireland Housing Agency Age Friendly Housing Technical Advisors Alone Citizens Information Alzheimers Ireland Age Action National Disability Authority HSE &#8211; &hellip;<\/p>\n","protected":false},"author":9992,"featured_media":1458,"parent":0,"menu_order":25,"comment_status":"closed","ping_status":"closed","template":"","meta":{"_acf_changed":false,"inline_featured_image":false,"_monsterinsights_skip_tracking":false,"_monsterinsights_sitenote_active":false,"_monsterinsights_sitenote_note":"","_monsterinsights_sitenote_category":0,"_EventAllDay":false,"_EventTimezone":"","_EventStartDate":"","_EventEndDate":"","_EventStartDateUTC":"","_EventEndDateUTC":"","_EventShowMap":false,"_EventShowMapLink":false,"_EventURL":"","_EventCost":"","_EventCostDescription":"","_EventCurrencySymbol":"","_EventCurrencyCode":"","_EventCurrencyPosition":"","_EventDateTimeSeparator":"","_EventTimeRangeSeparator":"","_EventOrganizerID":[],"_EventVenueID":[],"_OrganizerEmail":"","_OrganizerPhone":"","_OrganizerWebsite":"","_VenueAddress":"","_VenueCity":"","_VenueCountry":"","_VenueProvince":"","_VenueState":"","_VenueZip":"","_VenuePhone":"","_VenueURL":"","_VenueStateProvince":"","_VenueLat":"","_VenueLng":"","_VenueShowMap":false,"_VenueShowMapLink":false,"footnotes":""},"class_list":["post-2160","page","type-page","status-publish","has-post-thumbnail","hentry"],"acf":[],"_links":{"self":[{"href":"https:\/\/agefriendlyhomes.ie\/ga\/wp-json\/wp\/v2\/pages\/2160","targetHints":{"allow":["GET"]}}],"collection":[{"href":"https:\/\/agefriendlyhomes.ie\/ga\/wp-json\/wp\/v2\/pages"}],"about":[{"href":"https:\/\/agefriendlyhomes.ie\/ga\/wp-json\/wp\/v2\/types\/page"}],"author":[{"embeddable":true,"href":"https:\/\/agefriendlyhomes.ie\/ga\/wp-json\/wp\/v2\/users\/9992"}],"replies":[{"embeddable":true,"href":"https:\/\/agefriendlyhomes.ie\/ga\/wp-json\/wp\/v2\/comments?post=2160"}],"version-history":[{"count":2,"href":"https:\/\/agefriendlyhomes.ie\/ga\/wp-json\/wp\/v2\/pages\/2160\/revisions"}],"predecessor-version":[{"id":2398,"href":"https:\/\/agefriendlyhomes.ie\/ga\/wp-json\/wp\/v2\/pages\/2160\/revisions\/2398"}],"wp:featuredmedia":[{"embeddable":true,"href":"https:\/\/agefriendlyhomes.ie\/ga\/wp-json\/wp\/v2\/media\/1458"}],"wp:attachment":[{"href":"https:\/\/agefriendlyhomes.ie\/ga\/wp-json\/wp\/v2\/media?parent=2160"}],"curies":[{"name":"wp","href":"https:\/\/api.w.org\/{rel}","templated":true}]}}