{"id":2441,"date":"2022-07-19T10:33:26","date_gmt":"2022-07-19T09:33:26","guid":{"rendered":"https:\/\/agefriendlyhomes.ie\/?page_id=2441"},"modified":"2022-07-20T11:23:04","modified_gmt":"2022-07-20T10:23:04","slug":"disclaimer-on-blogs","status":"publish","type":"page","link":"https:\/\/agefriendlyhomes.ie\/ga\/disclaimer-on-blogs\/","title":{"rendered":"Disclaimer on Blogs"},"content":{"rendered":"\n<p class=\"has-text-align-left\" style=\"font-size:25px\">If you would like your company to appear on this list, please email adam.costello@meathcoco.ie<\/p>\n\n\n\n<p>Recommendations of companies are provided as a convenient reference for those seeking assistance and services. All recommended businesses are independently owned and operated. Age Friendly Ireland, The Housing Agency, The Department of Health and the Department of Housing, Local Government and Heritage do not guarantee any services provided by these companies and cannot be held liable for claims or damages arising from services rendered or from agreements between client and company. Third party advertisements and links to other sites where goods or services are advertised are not endorsements by Age Friendly Ireland, The Housing Agency, The Department of Health and the Department of Housing, Local Government and Heritage of the third-party sites, goods or services. Your access to or use of them is at your own risk.<\/p>\n\n\n\n<div style=\"height:100px\" aria-hidden=\"true\" class=\"wp-block-spacer\"><\/div>\n\n\n\n<div class=\"wp-block-columns alignfull are-vertically-aligned-center is-layout-flex wp-container-core-columns-is-layout-9d6595d7 wp-block-columns-is-layout-flex\">\n<div class=\"wp-block-column is-vertically-aligned-center is-layout-flow wp-block-column-is-layout-flow\"><div class=\"wp-block-image\">\n<figure class=\"aligncenter size-full is-resized\"><img loading=\"lazy\" decoding=\"async\" src=\"https:\/\/agefriendlyhomes.ie\/wp-content\/uploads\/2022\/07\/AF-Ireland-Full-Col-150-dpi.jpg\" alt=\"\" class=\"wp-image-2444\" width=\"499\" height=\"343\" srcset=\"https:\/\/agefriendlyhomes.ie\/wp-content\/uploads\/2022\/07\/AF-Ireland-Full-Col-150-dpi.jpg 886w, https:\/\/agefriendlyhomes.ie\/wp-content\/uploads\/2022\/07\/AF-Ireland-Full-Col-150-dpi-567x390.jpg 567w, https:\/\/agefriendlyhomes.ie\/wp-content\/uploads\/2022\/07\/AF-Ireland-Full-Col-150-dpi-288x198.jpg 288w, https:\/\/agefriendlyhomes.ie\/wp-content\/uploads\/2022\/07\/AF-Ireland-Full-Col-150-dpi-288x198@2x.jpg 576w\" sizes=\"auto, (max-width: 499px) 100vw, 499px\" \/><\/figure>\n<\/div><\/div>\n\n\n\n<div class=\"wp-block-column is-vertically-aligned-center is-layout-flow wp-block-column-is-layout-flow\">\n<figure class=\"wp-block-image size-large\"><img loading=\"lazy\" decoding=\"async\" width=\"1920\" height=\"778\" src=\"https:\/\/agefriendlyhomes.ie\/wp-content\/uploads\/2022\/07\/Health_MARK_MASTER_Std_Colour-1920x778.jpg\" alt=\"\" class=\"wp-image-2446\" srcset=\"https:\/\/agefriendlyhomes.ie\/wp-content\/uploads\/2022\/07\/Health_MARK_MASTER_Std_Colour-960x389@2x.jpg 1920w, https:\/\/agefriendlyhomes.ie\/wp-content\/uploads\/2022\/07\/Health_MARK_MASTER_Std_Colour-960x389.jpg 960w, https:\/\/agefriendlyhomes.ie\/wp-content\/uploads\/2022\/07\/Health_MARK_MASTER_Std_Colour-567x230.jpg 567w, https:\/\/agefriendlyhomes.ie\/wp-content\/uploads\/2022\/07\/Health_MARK_MASTER_Std_Colour-288x117.jpg 288w, https:\/\/agefriendlyhomes.ie\/wp-content\/uploads\/2022\/07\/Health_MARK_MASTER_Std_Colour.jpg 1985w, https:\/\/agefriendlyhomes.ie\/wp-content\/uploads\/2022\/07\/Health_MARK_MASTER_Std_Colour-567x230@2x.jpg 1134w, https:\/\/agefriendlyhomes.ie\/wp-content\/uploads\/2022\/07\/Health_MARK_MASTER_Std_Colour-288x117@2x.jpg 576w\" sizes=\"auto, (max-width: 1920px) 100vw, 1920px\" \/><\/figure>\n<\/div>\n\n\n\n<div class=\"wp-block-column is-vertically-aligned-center is-layout-flow wp-block-column-is-layout-flow\">\n<figure class=\"wp-block-image size-large\"><img loading=\"lazy\" decoding=\"async\" width=\"1920\" height=\"639\" src=\"https:\/\/agefriendlyhomes.ie\/wp-content\/uploads\/2022\/07\/111541_8dbac92d-aabe-4bda-8874-926178d94f51-1920x639.png\" alt=\"\" class=\"wp-image-2448\" srcset=\"https:\/\/agefriendlyhomes.ie\/wp-content\/uploads\/2022\/07\/111541_8dbac92d-aabe-4bda-8874-926178d94f51-960x319@2x.png 1920w, https:\/\/agefriendlyhomes.ie\/wp-content\/uploads\/2022\/07\/111541_8dbac92d-aabe-4bda-8874-926178d94f51-960x319.png 960w, https:\/\/agefriendlyhomes.ie\/wp-content\/uploads\/2022\/07\/111541_8dbac92d-aabe-4bda-8874-926178d94f51-567x189.png 567w, https:\/\/agefriendlyhomes.ie\/wp-content\/uploads\/2022\/07\/111541_8dbac92d-aabe-4bda-8874-926178d94f51-288x96.png 288w, https:\/\/agefriendlyhomes.ie\/wp-content\/uploads\/2022\/07\/111541_8dbac92d-aabe-4bda-8874-926178d94f51-567x189@2x.png 1134w, https:\/\/agefriendlyhomes.ie\/wp-content\/uploads\/2022\/07\/111541_8dbac92d-aabe-4bda-8874-926178d94f51-288x96@2x.png 576w\" sizes=\"auto, (max-width: 1920px) 100vw, 1920px\" \/><\/figure>\n<\/div>\n\n\n\n<div class=\"wp-block-column is-vertically-aligned-center is-layout-flow wp-block-column-is-layout-flow\">\n<figure class=\"wp-block-image size-full is-resized\"><img loading=\"lazy\" decoding=\"async\" src=\"https:\/\/agefriendlyhomes.ie\/wp-content\/uploads\/2022\/07\/The_Housing_Agency_Logo_0.jpg\" alt=\"\" class=\"wp-image-2450\" width=\"420\" height=\"186\"\/><\/figure>\n<\/div>\n<\/div>\n","protected":false},"excerpt":{"rendered":"<p>If you would like your company to appear on this list, please email adam.costello@meathcoco.ie Recommendations of companies are provided as a convenient reference for those seeking assistance and services. All &hellip;<\/p>\n","protected":false},"author":9998,"featured_media":0,"parent":0,"menu_order":1,"comment_status":"closed","ping_status":"closed","template":"","meta":{"_acf_changed":false,"inline_featured_image":false,"_monsterinsights_skip_tracking":false,"_monsterinsights_sitenote_active":false,"_monsterinsights_sitenote_note":"","_monsterinsights_sitenote_category":0,"_EventAllDay":false,"_EventTimezone":"","_EventStartDate":"","_EventEndDate":"","_EventStartDateUTC":"","_EventEndDateUTC":"","_EventShowMap":false,"_EventShowMapLink":false,"_EventURL":"","_EventCost":"","_EventCostDescription":"","_EventCurrencySymbol":"","_EventCurrencyCode":"","_EventCurrencyPosition":"","_EventDateTimeSeparator":"","_EventTimeRangeSeparator":"","_EventOrganizerID":[],"_EventVenueID":[],"_OrganizerEmail":"","_OrganizerPhone":"","_OrganizerWebsite":"","_VenueAddress":"","_VenueCity":"","_VenueCountry":"","_VenueProvince":"","_VenueState":"","_VenueZip":"","_VenuePhone":"","_VenueURL":"","_VenueStateProvince":"","_VenueLat":"","_VenueLng":"","_VenueShowMap":false,"_VenueShowMapLink":false,"footnotes":""},"class_list":["post-2441","page","type-page","status-publish","hentry"],"acf":[],"yoast_head":"<!-- This site is optimized with the Yoast SEO plugin v27.3 - https:\/\/yoast.com\/product\/yoast-seo-wordpress\/ -->\n<title>Disclaimer on Blogs - Age Friendly Homes<\/title>\n<meta name=\"description\" content=\"If you would like your company to appear on this list, please email adam.costello@meathcoco.ie Recommendations of companies are provided as a convenient\" \/>\n<meta name=\"robots\" content=\"index, follow, max-snippet:-1, max-image-preview:large, max-video-preview:-1\" \/>\n<link rel=\"canonical\" href=\"https:\/\/agefriendlyhomes.ie\/ga\/disclaimer-on-blogs\/\" \/>\n<meta property=\"og:locale\" content=\"ga_IE\" \/>\n<meta property=\"og:type\" content=\"article\" \/>\n<meta property=\"og:title\" content=\"Disclaimer on Blogs - Age Friendly Homes\" \/>\n<meta property=\"og:description\" content=\"If you would like your company to appear on this list, please email adam.costello@meathcoco.ie Recommendations of companies are provided as a convenient\" \/>\n<meta property=\"og:url\" content=\"https:\/\/agefriendlyhomes.ie\/ga\/disclaimer-on-blogs\/\" \/>\n<meta property=\"og:site_name\" content=\"Age Friendly Homes\" \/>\n<meta property=\"article:modified_time\" content=\"2022-07-20T10:23:04+00:00\" \/>\n<meta property=\"og:image\" content=\"https:\/\/agefriendlyhomes.ie\/wp-content\/uploads\/2022\/07\/AF-Ireland-Full-Col-150-dpi.jpg\" \/>\n<meta name=\"twitter:card\" content=\"summary_large_image\" \/>\n<meta name=\"twitter:label1\" content=\"Est. reading time\" \/>\n\t<meta name=\"twitter:data1\" content=\"1 minute\" \/>\n<script type=\"application\/ld+json\" class=\"yoast-schema-graph\">{\"@context\":\"https:\\\/\\\/schema.org\",\"@graph\":[{\"@type\":\"WebPage\",\"@id\":\"https:\\\/\\\/agefriendlyhomes.ie\\\/ga\\\/disclaimer-on-blogs\\\/\",\"url\":\"https:\\\/\\\/agefriendlyhomes.ie\\\/ga\\\/disclaimer-on-blogs\\\/\",\"name\":\"Disclaimer on Blogs - Age Friendly Homes\",\"isPartOf\":{\"@id\":\"https:\\\/\\\/agefriendlyhomes.ie\\\/ga\\\/#website\"},\"primaryImageOfPage\":{\"@id\":\"https:\\\/\\\/agefriendlyhomes.ie\\\/ga\\\/disclaimer-on-blogs\\\/#primaryimage\"},\"image\":{\"@id\":\"https:\\\/\\\/agefriendlyhomes.ie\\\/ga\\\/disclaimer-on-blogs\\\/#primaryimage\"},\"thumbnailUrl\":\"https:\\\/\\\/agefriendlyhomes.ie\\\/wp-content\\\/uploads\\\/2022\\\/07\\\/AF-Ireland-Full-Col-150-dpi.jpg\",\"datePublished\":\"2022-07-19T09:33:26+00:00\",\"dateModified\":\"2022-07-20T10:23:04+00:00\",\"description\":\"If you would like your company to appear on this list, please email adam.costello@meathcoco.ie Recommendations of companies are provided as a convenient\",\"breadcrumb\":{\"@id\":\"https:\\\/\\\/agefriendlyhomes.ie\\\/ga\\\/disclaimer-on-blogs\\\/#breadcrumb\"},\"inLanguage\":\"ga-IE\",\"potentialAction\":[{\"@type\":\"ReadAction\",\"target\":[\"https:\\\/\\\/agefriendlyhomes.ie\\\/ga\\\/disclaimer-on-blogs\\\/\"]}]},{\"@type\":\"ImageObject\",\"inLanguage\":\"ga-IE\",\"@id\":\"https:\\\/\\\/agefriendlyhomes.ie\\\/ga\\\/disclaimer-on-blogs\\\/#primaryimage\",\"url\":\"https:\\\/\\\/agefriendlyhomes.ie\\\/wp-content\\\/uploads\\\/2022\\\/07\\\/AF-Ireland-Full-Col-150-dpi.jpg\",\"contentUrl\":\"https:\\\/\\\/agefriendlyhomes.ie\\\/wp-content\\\/uploads\\\/2022\\\/07\\\/AF-Ireland-Full-Col-150-dpi.jpg\"},{\"@type\":\"BreadcrumbList\",\"@id\":\"https:\\\/\\\/agefriendlyhomes.ie\\\/ga\\\/disclaimer-on-blogs\\\/#breadcrumb\",\"itemListElement\":[{\"@type\":\"ListItem\",\"position\":1,\"name\":\"Baile\",\"item\":\"https:\\\/\\\/agefriendlyhomes.ie\\\/ga\\\/\"},{\"@type\":\"ListItem\",\"position\":2,\"name\":\"Disclaimer on Blogs\"}]},{\"@type\":\"WebSite\",\"@id\":\"https:\\\/\\\/agefriendlyhomes.ie\\\/ga\\\/#website\",\"url\":\"https:\\\/\\\/agefriendlyhomes.ie\\\/ga\\\/\",\"name\":\"Age Friendly Homes\",\"description\":\"Solathra\u00edonn an su\u00edomh gr\u00e9as\u00e1in seo acmhainn\u00ed, treoir agus faisn\u00e9is ar thith\u00edochta d\u00e1r ndaonra at\u00e1 ag dul in aois.\",\"publisher\":{\"@id\":\"https:\\\/\\\/agefriendlyhomes.ie\\\/ga\\\/#organization\"},\"potentialAction\":[{\"@type\":\"SearchAction\",\"target\":{\"@type\":\"EntryPoint\",\"urlTemplate\":\"https:\\\/\\\/agefriendlyhomes.ie\\\/ga\\\/?s={search_term_string}\"},\"query-input\":{\"@type\":\"PropertyValueSpecification\",\"valueRequired\":true,\"valueName\":\"search_term_string\"}}],\"inLanguage\":\"ga-IE\"},{\"@type\":\"Organization\",\"@id\":\"https:\\\/\\\/agefriendlyhomes.ie\\\/ga\\\/#organization\",\"name\":\"Age Friendly Homes\",\"url\":\"https:\\\/\\\/agefriendlyhomes.ie\\\/ga\\\/\",\"logo\":{\"@type\":\"ImageObject\",\"inLanguage\":\"ga-IE\",\"@id\":\"https:\\\/\\\/agefriendlyhomes.ie\\\/ga\\\/#\\\/schema\\\/logo\\\/image\\\/\",\"url\":\"https:\\\/\\\/agefriendlyhomes.ie\\\/wp-content\\\/uploads\\\/2021\\\/02\\\/agefreindlyhomes-landscape.png\",\"contentUrl\":\"https:\\\/\\\/agefriendlyhomes.ie\\\/wp-content\\\/uploads\\\/2021\\\/02\\\/agefreindlyhomes-landscape.png\",\"width\":513,\"height\":91,\"caption\":\"Age Friendly Homes\"},\"image\":{\"@id\":\"https:\\\/\\\/agefriendlyhomes.ie\\\/ga\\\/#\\\/schema\\\/logo\\\/image\\\/\"}}]}<\/script>\n<!-- \/ Yoast SEO plugin. -->","yoast_head_json":{"title":"Disclaimer on Blogs - Age Friendly Homes","description":"If you would like your company to appear on this list, please email adam.costello@meathcoco.ie Recommendations of companies are provided as a convenient","robots":{"index":"index","follow":"follow","max-snippet":"max-snippet:-1","max-image-preview":"max-image-preview:large","max-video-preview":"max-video-preview:-1"},"canonical":"https:\/\/agefriendlyhomes.ie\/ga\/disclaimer-on-blogs\/","og_locale":"ga_IE","og_type":"article","og_title":"Disclaimer on Blogs - Age Friendly Homes","og_description":"If you would like your company to appear on this list, please email adam.costello@meathcoco.ie Recommendations of companies are provided as a convenient","og_url":"https:\/\/agefriendlyhomes.ie\/ga\/disclaimer-on-blogs\/","og_site_name":"Age Friendly Homes","article_modified_time":"2022-07-20T10:23:04+00:00","og_image":[{"url":"https:\/\/agefriendlyhomes.ie\/wp-content\/uploads\/2022\/07\/AF-Ireland-Full-Col-150-dpi.jpg","type":"","width":"","height":""}],"twitter_card":"summary_large_image","twitter_misc":{"Est. reading time":"1 minute"},"schema":{"@context":"https:\/\/schema.org","@graph":[{"@type":"WebPage","@id":"https:\/\/agefriendlyhomes.ie\/ga\/disclaimer-on-blogs\/","url":"https:\/\/agefriendlyhomes.ie\/ga\/disclaimer-on-blogs\/","name":"Disclaimer on Blogs - Age Friendly Homes","isPartOf":{"@id":"https:\/\/agefriendlyhomes.ie\/ga\/#website"},"primaryImageOfPage":{"@id":"https:\/\/agefriendlyhomes.ie\/ga\/disclaimer-on-blogs\/#primaryimage"},"image":{"@id":"https:\/\/agefriendlyhomes.ie\/ga\/disclaimer-on-blogs\/#primaryimage"},"thumbnailUrl":"https:\/\/agefriendlyhomes.ie\/wp-content\/uploads\/2022\/07\/AF-Ireland-Full-Col-150-dpi.jpg","datePublished":"2022-07-19T09:33:26+00:00","dateModified":"2022-07-20T10:23:04+00:00","description":"If you would like your company to appear on this list, please email adam.costello@meathcoco.ie Recommendations of companies are provided as a convenient","breadcrumb":{"@id":"https:\/\/agefriendlyhomes.ie\/ga\/disclaimer-on-blogs\/#breadcrumb"},"inLanguage":"ga-IE","potentialAction":[{"@type":"ReadAction","target":["https:\/\/agefriendlyhomes.ie\/ga\/disclaimer-on-blogs\/"]}]},{"@type":"ImageObject","inLanguage":"ga-IE","@id":"https:\/\/agefriendlyhomes.ie\/ga\/disclaimer-on-blogs\/#primaryimage","url":"https:\/\/agefriendlyhomes.ie\/wp-content\/uploads\/2022\/07\/AF-Ireland-Full-Col-150-dpi.jpg","contentUrl":"https:\/\/agefriendlyhomes.ie\/wp-content\/uploads\/2022\/07\/AF-Ireland-Full-Col-150-dpi.jpg"},{"@type":"BreadcrumbList","@id":"https:\/\/agefriendlyhomes.ie\/ga\/disclaimer-on-blogs\/#breadcrumb","itemListElement":[{"@type":"ListItem","position":1,"name":"Baile","item":"https:\/\/agefriendlyhomes.ie\/ga\/"},{"@type":"ListItem","position":2,"name":"Disclaimer on Blogs"}]},{"@type":"WebSite","@id":"https:\/\/agefriendlyhomes.ie\/ga\/#website","url":"https:\/\/agefriendlyhomes.ie\/ga\/","name":"Age Friendly Homes","description":"Solathra\u00edonn an su\u00edomh gr\u00e9as\u00e1in seo acmhainn\u00ed, treoir agus faisn\u00e9is ar thith\u00edochta d\u00e1r ndaonra at\u00e1 ag dul in aois.","publisher":{"@id":"https:\/\/agefriendlyhomes.ie\/ga\/#organization"},"potentialAction":[{"@type":"SearchAction","target":{"@type":"EntryPoint","urlTemplate":"https:\/\/agefriendlyhomes.ie\/ga\/?s={search_term_string}"},"query-input":{"@type":"PropertyValueSpecification","valueRequired":true,"valueName":"search_term_string"}}],"inLanguage":"ga-IE"},{"@type":"Organization","@id":"https:\/\/agefriendlyhomes.ie\/ga\/#organization","name":"Age Friendly Homes","url":"https:\/\/agefriendlyhomes.ie\/ga\/","logo":{"@type":"ImageObject","inLanguage":"ga-IE","@id":"https:\/\/agefriendlyhomes.ie\/ga\/#\/schema\/logo\/image\/","url":"https:\/\/agefriendlyhomes.ie\/wp-content\/uploads\/2021\/02\/agefreindlyhomes-landscape.png","contentUrl":"https:\/\/agefriendlyhomes.ie\/wp-content\/uploads\/2021\/02\/agefreindlyhomes-landscape.png","width":513,"height":91,"caption":"Age Friendly Homes"},"image":{"@id":"https:\/\/agefriendlyhomes.ie\/ga\/#\/schema\/logo\/image\/"}}]}},"_links":{"self":[{"href":"https:\/\/agefriendlyhomes.ie\/ga\/wp-json\/wp\/v2\/pages\/2441","targetHints":{"allow":["GET"]}}],"collection":[{"href":"https:\/\/agefriendlyhomes.ie\/ga\/wp-json\/wp\/v2\/pages"}],"about":[{"href":"https:\/\/agefriendlyhomes.ie\/ga\/wp-json\/wp\/v2\/types\/page"}],"author":[{"embeddable":true,"href":"https:\/\/agefriendlyhomes.ie\/ga\/wp-json\/wp\/v2\/users\/9998"}],"replies":[{"embeddable":true,"href":"https:\/\/agefriendlyhomes.ie\/ga\/wp-json\/wp\/v2\/comments?post=2441"}],"version-history":[{"count":2,"href":"https:\/\/agefriendlyhomes.ie\/ga\/wp-json\/wp\/v2\/pages\/2441\/revisions"}],"predecessor-version":[{"id":2463,"href":"https:\/\/agefriendlyhomes.ie\/ga\/wp-json\/wp\/v2\/pages\/2441\/revisions\/2463"}],"wp:attachment":[{"href":"https:\/\/agefriendlyhomes.ie\/ga\/wp-json\/wp\/v2\/media?parent=2441"}],"curies":[{"name":"wp","href":"https:\/\/api.w.org\/{rel}","templated":true}]}}