{"id":3428,"date":"2025-10-10T14:54:57","date_gmt":"2025-10-10T13:54:57","guid":{"rendered":"https:\/\/agefriendlyhomes.ie\/?page_id=3428"},"modified":"2025-10-10T14:55:06","modified_gmt":"2025-10-10T13:55:06","slug":"sitemap","status":"publish","type":"page","link":"https:\/\/agefriendlyhomes.ie\/ga\/sitemap\/","title":{"rendered":"Sitemap"},"content":{"rendered":"<div class=\"wsp-container\"><h2 class=\"wsp-pages-title\">Pages<\/h2>\n<ul class=\"wsp-pages-list\">\n<li class=\"page_item page-item-3428\"><a href=\"https:\/\/agefriendlyhomes.ie\/ga\/sitemap\/\">Sitemap<\/a><\/li>\n<li class=\"page_item page-item-2441\"><a href=\"https:\/\/agefriendlyhomes.ie\/ga\/disclaimer-on-blogs\/\">Disclaimer on Blogs<\/a><\/li>\n<li class=\"page_item page-item-2172\"><a href=\"https:\/\/agefriendlyhomes.ie\/ga\/polasai-fianain-eu\/\">Polasa\u00ed Fian\u00e1in (EU)<\/a><\/li>\n<li class=\"page_item page-item-1995\"><a href=\"https:\/\/agefriendlyhomes.ie\/ga\/mol-taighde\/\">Mol Taighde<\/a><\/li>\n<li class=\"page_item page-item-2031 page_item_has_children\"><a href=\"https:\/\/agefriendlyhomes.ie\/ga\/faoin-suiomh-greasain-seo\/\">Faoin Su\u00edomh Gr\u00e9as\u00e1in Seo<\/a>\n<ul class='children'>\n\t<li class=\"page_item page-item-2013\"><a href=\"https:\/\/agefriendlyhomes.ie\/ga\/faoin-suiomh-greasain-seo\/priomhphrionsabail\/\">Pr\u00edomhphrionsabail<\/a><\/li>\n\t<li class=\"page_item page-item-2011\"><a href=\"https:\/\/agefriendlyhomes.ie\/ga\/faoin-suiomh-greasain-seo\/taighde-sonrai\/\">Taighde &#038; Sonra\u00ed<\/a><\/li>\n\t<li class=\"page_item page-item-2134\"><a href=\"https:\/\/agefriendlyhomes.ie\/ga\/faoin-suiomh-greasain-seo\/grupa-maoirseachta\/\">Gr\u00fapa Maoirseachta<\/a><\/li>\n<\/ul>\n<\/li>\n<li class=\"page_item page-item-2033\"><a href=\"https:\/\/agefriendlyhomes.ie\/ga\/\">Tithe Aoisbh\u00e1\u00fala<\/a><\/li>\n<li class=\"page_item page-item-2160\"><a href=\"https:\/\/agefriendlyhomes.ie\/ga\/teagmhalacha-naisc-usaideacha\/\">Teagmh\u00e1lacha &#038; Naisc \u00das\u00e1ideacha<\/a><\/li>\n<li class=\"page_item page-item-2157 current_page_parent\"><a href=\"https:\/\/agefriendlyhomes.ie\/ga\/an-nuacht-is-deanai\/\">An Nuacht is D\u00e9ana\u00ed<\/a><\/li>\n<li class=\"page_item page-item-2177\"><a href=\"https:\/\/agefriendlyhomes.ie\/ga\/polasai-priobhaideachais-agefriendlyhomes-ie\/\">Privacy Policy agefriendlyhomes.ie<\/a><\/li>\n<li class=\"page_item page-item-2165\"><a href=\"https:\/\/agefriendlyhomes.ie\/ga\/abhair-acmhainni\/\">\u00c1bhair Acmhainn\u00ed<\/a><\/li>\n<\/ul>\n<h2 class=\"wsp-posts-title\">Posts by category<\/h2>\n<ul class=\"wsp-posts-list\">\n\t<li><strong class=\"wsp-category-title\">Category: <a href=\"https:\/\/agefriendlyhomes.ie\/ga\/category\/covid-19\/\">Covid-19<\/a><\/strong>\n<ul class=\"wsp-posts-list\">\t\t<li class=\"wsp-post\"><a href=\"https:\/\/agefriendlyhomes.ie\/ga\/launch-of-bereavement-and-grief-information-and-signposting-campaign\/\">Launch of Bereavement and grief information and signposting campaign<\/a><\/li>\n<\/ul><\/li>\n\t<li><strong class=\"wsp-category-title\">Category: <a href=\"https:\/\/agefriendlyhomes.ie\/ga\/category\/grants-funding\/\">Grants \/ Funding<\/a><\/strong>\n<ul class=\"wsp-posts-list\">\t\t<li class=\"wsp-post\"><a href=\"https:\/\/agefriendlyhomes.ie\/ga\/government-cost-of-living-help\/\">Government Cost of Living Help<\/a><\/li>\n<\/ul><\/li>\n\t<li><strong class=\"wsp-category-title\">Category: <a href=\"https:\/\/agefriendlyhomes.ie\/ga\/category\/healthcare\/\">Healthcare<\/a><\/strong>\n<\/li>\n\t<li><strong class=\"wsp-category-title\">Category: <a href=\"https:\/\/agefriendlyhomes.ie\/ga\/category\/housing-strategy\/\">Housing Strategy<\/a><\/strong>\n<ul class=\"wsp-posts-list\">\t\t<li class=\"wsp-post\"><a href=\"https:\/\/agefriendlyhomes.ie\/ga\/age-friendly-housing-how-housing-policy-can-shape-positive-ageing\/\">Age-Friendly Housing: How Housing Policy can Shape Positive Ageing<\/a><\/li>\n\t\t<li class=\"wsp-post\"><a href=\"https:\/\/agefriendlyhomes.ie\/ga\/council-delegation-visit-greenhills-grange-age-friendly-development\/\">Council Delegation Visit Greenhill\u2019s Grange Age Friendly Development<\/a><\/li>\n\t\t<li class=\"wsp-post\"><a href=\"https:\/\/agefriendlyhomes.ie\/ga\/ministers-obrien-and-dillon-announce-commencement-of-revised-housing-adaptation-grants-of-up-to-e40000\/\">Ministers O\u2019Brien and Dillon announce commencement of revised Housing Adaptation Grants of up to \u20ac40,000<\/a><\/li>\n<\/ul><\/li>\n\t<li><strong class=\"wsp-category-title\">Category: <a href=\"https:\/\/agefriendlyhomes.ie\/ga\/category\/new-homes\/\">New Homes<\/a><\/strong>\n<ul class=\"wsp-posts-list\">\t\t<li class=\"wsp-post\"><a href=\"https:\/\/agefriendlyhomes.ie\/ga\/new-housing-in-swords\/\">New Housing In Swords<\/a><\/li>\n\t\t<li class=\"wsp-post\"><a href=\"https:\/\/agefriendlyhomes.ie\/ga\/galway-city-council-awards-contract-for-design-and-build-of-84-residential-units\/\">Galway City Council awards contract for design and build of 84 residential units.<\/a><\/li>\n\t\t<li class=\"wsp-post\"><a href=\"https:\/\/agefriendlyhomes.ie\/ga\/age-friendly-housing-development-planned-for-mill-lane-leixlip-county-kildare\/\">Age Friendly Housing Development Planned for Mill Lane, Leixlip, County Kildare<\/a><\/li>\n\t\t<li class=\"wsp-post\"><a href=\"https:\/\/agefriendlyhomes.ie\/ga\/limerick-city-and-county-council-launches-rightsizing-apartment-scheme-for-over-55s-in-bid-to-free-up-family-homes\/\">Limerick City and County Council launches &#8216;rightsizing&#8217; apartment scheme for over 55s in bid to free up family homes<\/a><\/li>\n\t\t<li class=\"wsp-post\"><a href=\"https:\/\/agefriendlyhomes.ie\/ga\/new-age-friendly-homes-in-schull\/\">New Age-Friendly Homes in Schull<\/a><\/li>\n\t\t<li class=\"wsp-post\"><a href=\"https:\/\/agefriendlyhomes.ie\/ga\/lgiu-news-reviving-urban-living-by-reducing-property-vacancy-and-dereliction-waterford-city-and-county-councils-award-winning-initiative\/\">LGIU News &#8211; Reviving urban living by reducing property vacancy and dereliction: Waterford City and County Council\u2019s award winning initiative<\/a><\/li>\n\t\t<li class=\"wsp-post\"><a href=\"https:\/\/agefriendlyhomes.ie\/ga\/old-cork-suburb-house-to-be-knocked-for-24-new-right-size-homes\/\">Old Cork Suburb House to be Knocked for 24 New &#8216;right-size&#8217; Homes<\/a><\/li>\n\t\t<li class=\"wsp-post\"><a href=\"https:\/\/agefriendlyhomes.ie\/ga\/work-to-start-on-e3-4m-age-friendly-housing-scheme-in-daingean\/\">Work to start on \u20ac3.4m age-friendly housing scheme in Daingean<\/a><\/li>\n<\/ul><\/li>\n\t<li><strong class=\"wsp-category-title\">Category: <a href=\"https:\/\/agefriendlyhomes.ie\/ga\/category\/planning\/\">Planning<\/a><\/strong>\n<ul class=\"wsp-posts-list\">\t\t<li class=\"wsp-post\"><a href=\"https:\/\/agefriendlyhomes.ie\/ga\/in-rathmines-plans-progress-for-primary-care-centre-and-housing\/\">In Rathmines, plans progress for primary-care centre and housing<\/a><\/li>\n<\/ul><\/li>\n\t<li><strong class=\"wsp-category-title\">Category: <a href=\"https:\/\/agefriendlyhomes.ie\/ga\/category\/research\/\">Research<\/a><\/strong>\n<\/li>\n\t<li><strong class=\"wsp-category-title\">Category: <a href=\"https:\/\/agefriendlyhomes.ie\/ga\/category\/uncategorized-ga\/\">Uncategorized @ga<\/a><\/strong>\n<\/li>\n<\/ul>\n<h2 class=\"wsp-topicss-title\">\u00c1bhair Acmhainn\u00ed<\/h2>\n<ul class=\"wsp-topicss-list\">\n<li><a href=\"https:\/\/agefriendlyhomes.ie\/ga\/\u00e1bhair\/grants-and-funding\/seniors-alert-scheme-sas\/\">Seniors Alert Scheme (SAS)<\/a><\/li>\n<li><a href=\"https:\/\/agefriendlyhomes.ie\/ga\/\u00e1bhair\/age-friendly-training\/outcome\/\">Outcome<\/a><\/li>\n<li><a href=\"https:\/\/agefriendlyhomes.ie\/ga\/\u00e1bhair\/age-friendly-training\/delivery\/\">Delivery<\/a><\/li>\n<li><a href=\"https:\/\/agefriendlyhomes.ie\/ga\/\u00e1bhair\/age-friendly-training\/who\/\">Who?<\/a><\/li>\n<li><a href=\"https:\/\/agefriendlyhomes.ie\/ga\/\u00e1bhair\/age-friendly-training\/training-brochure\/\">What?<\/a><\/li>\n<li><a href=\"https:\/\/agefriendlyhomes.ie\/ga\/\u00e1bhair\/age-friendly-training\/\">Age Friendly Training<\/a><\/li>\n<li><a href=\"https:\/\/agefriendlyhomes.ie\/ga\/\u00e1bhair\/tacaiochtai-curaim-shoisialta-slainte\/tionscnaimh-na-dtithe-slaintiula\/\">Tionscnaimh na dTithe Sl\u00e1inti\u00fala<\/a><\/li>\n<li><a href=\"https:\/\/agefriendlyhomes.ie\/ga\/\u00e1bhair\/bailte-a-oireann-do-dhaoine-aosta\/cas-staideir\/\">C\u00e1s-Staid\u00e9ir<\/a><\/li>\n<li><a href=\"https:\/\/agefriendlyhomes.ie\/ga\/\u00e1bhair\/tacaiochtai-curaim-shoisialta-slainte\/slanchumhdach\/\">Sl\u00e1nchumhdach<\/a><\/li>\n<li><a href=\"https:\/\/agefriendlyhomes.ie\/ga\/\u00e1bhair\/tacaiochtai-curaim-shoisialta-slainte\/maireachtail-fhollain\/\">Maireacht\u00e1il Fholl\u00e1in<\/a><\/li>\n<li><a href=\"https:\/\/agefriendlyhomes.ie\/ga\/\u00e1bhair\/pleanail-dearadh-aoisbhauil\/inbhuanaitheacht\/\">Inbhuanaitheacht<\/a><\/li>\n<li><a href=\"https:\/\/agefriendlyhomes.ie\/ga\/\u00e1bhair\/pleanail-dearadh-aoisbhauil\/ta-se-tabhachtach-duinn-go-leir-go-mbeimid-compordach-agus-slaintiuil-nios-deanai-sa-saol-ta-ionchais-dhaoine-breacaosta-ag-athru-ta-na-seandaoine-nua-nios-slaintiula-nios-gniomh\/\">Dearadh Uil\u00edoch<\/a><\/li>\n<li><a href=\"https:\/\/agefriendlyhomes.ie\/ga\/\u00e1bhair\/pleanail-dearadh-aoisbhauil\/leaganacha-amach-inmheanacha\/\">Leaganacha Amach Inmhe\u00e1nacha<\/a><\/li>\n<li><a href=\"https:\/\/agefriendlyhomes.ie\/ga\/\u00e1bhair\/pleanail-dearadh-aoisbhauil\/comhairleoir-teicniuil-um-an-tithiocht-a-thacaionn-le-daoine-breacaosta\/\">Comhairleoir Teicni\u00fail um an Tith\u00edocht a Thaca\u00edonn le Daoine Breacaosta<\/a><\/li>\n<li><a href=\"https:\/\/agefriendlyhomes.ie\/ga\/\u00e1bhair\/an-beartas-an-phleanail-agus-rialachain-foirgniochta\/rialachain-foirgniochta\/\">Rialach\u00e1in Foirgn\u00edochta<\/a><\/li>\n<li><a href=\"https:\/\/agefriendlyhomes.ie\/ga\/\u00e1bhair\/an-beartas-an-phleanail-agus-rialachain-foirgniochta\/pleanail\/\">Plean\u00e1il<\/a><\/li>\n<li><a href=\"https:\/\/agefriendlyhomes.ie\/ga\/\u00e1bhair\/an-beartas-an-phleanail-agus-rialachain-foirgniochta\/beartas\/\">Beartas<\/a><\/li>\n<li><a href=\"https:\/\/agefriendlyhomes.ie\/ga\/\u00e1bhair\/an-beartas-an-phleanail-agus-rialachain-foirgniochta\/\">An Beartas, an Phlean\u00e1il agus Rialach\u00e1in Foirgn\u00edochta<\/a><\/li>\n<li><a href=\"https:\/\/agefriendlyhomes.ie\/ga\/\u00e1bhair\/riocht-phoibli-a-thacaionn-le-daoine-breacaosta\/straiteisi-aoisbhaula-agus-pleananna-forbartha-contae\/\">Strait\u00e9is\u00ed Aoisbh\u00e1\u00fala agus Pleananna Forbartha Contae<\/a><\/li>\n<li><a href=\"https:\/\/agefriendlyhomes.ie\/ga\/\u00e1bhair\/riocht-phoibli-a-thacaionn-le-daoine-breacaosta\/bailte-pobail-agus-sraidbhailte-a-thacaionn-le-daoine-breacaosta\/\">Bailte, Pobail agus Sr\u00e1idbhailte a Thaca\u00edonn le Daoine Breacaosta<\/a><\/li>\n<li><a href=\"https:\/\/agefriendlyhomes.ie\/ga\/\u00e1bhair\/riocht-phoibli-a-thacaionn-le-daoine-breacaosta\/insiultacht\/\">Insi\u00faltacht<\/a><\/li>\n<li><a href=\"https:\/\/agefriendlyhomes.ie\/ga\/\u00e1bhair\/riocht-phoibli-a-thacaionn-le-daoine-breacaosta\/\">R\u00edocht Phoibl\u00ed a Thaca\u00edonn le Daoine Breacaosta<\/a><\/li>\n<li><a href=\"https:\/\/agefriendlyhomes.ie\/ga\/\u00e1bhair\/tacaiochtai-curaim-shoisialta-slainte\/teicneolaiocht-chunta-teicneolaiocht-chliste\/\">Teicneola\u00edocht Ch\u00fanta &amp; Teicneola\u00edocht Chliste<\/a><\/li>\n<li><a href=\"https:\/\/agefriendlyhomes.ie\/ga\/\u00e1bhair\/tacaiochtai-curaim-shoisialta-slainte\/telehealth-telecare\/\">Telehealth &amp; Telecare<\/a><\/li>\n<li><a href=\"https:\/\/agefriendlyhomes.ie\/ga\/\u00e1bhair\/tacaiochtai-curaim-shoisialta-slainte\/seirbhisi-tacaiochta-baile\/\">Seirbh\u00eds\u00ed Taca\u00edochta Baile<\/a><\/li>\n<li><a href=\"https:\/\/agefriendlyhomes.ie\/ga\/\u00e1bhair\/tacaiochtai-curaim-shoisialta-slainte\/curamoiri-teaghlaigh-neamhfhoirmiula\/\">C\u00faram\u00f3ir\u00ed Teaghlaigh \/ Neamhfhoirmi\u00fala<\/a><\/li>\n<li><a href=\"https:\/\/agefriendlyhomes.ie\/ga\/\u00e1bhair\/tacaiochtai-curaim-shoisialta-slainte\/seirbhisi-sa-phobal\/\">Seirbh\u00eds\u00ed sa Phobal<\/a><\/li>\n<li><a href=\"https:\/\/agefriendlyhomes.ie\/ga\/\u00e1bhair\/tacaiochtai-curaim-shoisialta-slainte\/sochair-agus-teidliochtai\/\">Sochair agus Teidl\u00edochta\u00ed<\/a><\/li>\n<li><a href=\"https:\/\/agefriendlyhomes.ie\/ga\/\u00e1bhair\/tacaiochtai-curaim-shoisialta-slainte\/nealtru\/\">N\u00e9altr\u00fa<\/a><\/li>\n<li><a href=\"https:\/\/agefriendlyhomes.ie\/ga\/\u00e1bhair\/bailte-a-oireann-do-dhaoine-aosta\/tithe-altranais\/\">Tithe Altranais<\/a><\/li>\n<li><a href=\"https:\/\/agefriendlyhomes.ie\/ga\/\u00e1bhair\/tacaiochtai-curaim-shoisialta-slainte\/\">Taca\u00edochta\u00ed C\u00faraim Sh\u00f3isialta &amp; Sl\u00e1inte<\/a><\/li>\n<li><a href=\"https:\/\/agefriendlyhomes.ie\/ga\/\u00e1bhair\/deontais-agus-maoiniu\/sceim-deontais-do-dhaoine-faoi-mhichumas\/\">Sc\u00e9im Deontais do Dhaoine faoi Mh\u00edchumas<\/a><\/li>\n<li><a href=\"https:\/\/agefriendlyhomes.ie\/ga\/\u00e1bhair\/deontais-agus-maoiniu\/deontais-oiriunaithe-tithe\/\">Deontais Oiri\u00fanaithe Tithe<\/a><\/li>\n<li><a href=\"https:\/\/agefriendlyhomes.ie\/ga\/\u00e1bhair\/deontais-agus-maoiniu\/maoiniu-rialtais-chun-tithiocht-shoisialta-a-thogail-do-dhaoine-scothaosta\/\">Maoini\u00fa Rialtais chun Tith\u00edocht Sh\u00f3isialta a Th\u00f3g\u00e1il do Dhaoine Scothaosta<\/a><\/li>\n<li><a href=\"https:\/\/agefriendlyhomes.ie\/ga\/\u00e1bhair\/bailte-a-oireann-do-dhaoine-aosta\/coigeartu-meide\/\">Coigeart\u00fa M\u00e9ide<\/a><\/li>\n<li><a href=\"https:\/\/agefriendlyhomes.ie\/ga\/\u00e1bhair\/bailte-a-oireann-do-dhaoine-aosta\/tithiocht-tacaithe-neamhspleach\/\">Tith\u00edocht Tacaithe\/Neamhsple\u00e1ch<\/a><\/li>\n<li><a href=\"https:\/\/agefriendlyhomes.ie\/ga\/\u00e1bhair\/bailte-a-oireann-do-dhaoine-aosta\/baile-a-ghlacadh-ar-cios-no-a-chomhroinnt\/\">Baile a Ghlacadh ar C\u00edos n\u00f3 a Chomhroinnt<\/a><\/li>\n<li><a href=\"https:\/\/agefriendlyhomes.ie\/ga\/\u00e1bhair\/bailte-a-oireann-do-dhaoine-aosta\/iarfheistiu-agus-athchoiriu\/\">Iarfheisti\u00fa agus Athch\u00f3iri\u00fa<\/a><\/li>\n<li><a href=\"https:\/\/agefriendlyhomes.ie\/ga\/\u00e1bhair\/bailte-a-oireann-do-dhaoine-aosta\/baile-a-oiriunu\/\">Baile a Oiri\u00fan\u00fa<\/a><\/li>\n<li><a href=\"https:\/\/agefriendlyhomes.ie\/ga\/\u00e1bhair\/deontais-agus-maoiniu\/\">Deontais agus Maoini\u00fa<\/a><\/li>\n<li><a href=\"https:\/\/agefriendlyhomes.ie\/ga\/\u00e1bhair\/pleanail-dearadh-aoisbhauil\/\">Plean\u00e1il &amp; Dearadh Aoisbh\u00e1\u00fail<\/a><\/li>\n<li><a href=\"https:\/\/agefriendlyhomes.ie\/ga\/\u00e1bhair\/bailte-a-oireann-do-dhaoine-aosta\/tithe-nua-tithe-ata-ann-cheana-fein\/\">Tithe Nua &amp; Tithe At\u00e1 Ann Cheana F\u00e9in<\/a><\/li>\n<li><a href=\"https:\/\/agefriendlyhomes.ie\/ga\/\u00e1bhair\/bailte-a-oireann-do-dhaoine-aosta\/\">Bailte a Oireann do Dhaoine Aosta<\/a><\/li>\n<\/ul>\n<h2 class=\"wsp-blogs-title\">Blog<\/h2>\n<ul class=\"wsp-blogs-list\">\n<li><a href=\"https:\/\/agefriendlyhomes.ie\/ga\/blog\/affordable-homes-website\/\">Affordable Homes Website<\/a><\/li>\n<li><a href=\"https:\/\/agefriendlyhomes.ie\/ga\/blog\/community-led-housing-for-age-friendly-living\/\">Community-Led Housing for Age Friendly Living<\/a><\/li>\n<li><a href=\"https:\/\/agefriendlyhomes.ie\/ga\/blog\/6-acorn-age-friendly-tablet\/\">#6 - ACORN Age Friendly Tablet<\/a><\/li>\n<li><a href=\"https:\/\/agefriendlyhomes.ie\/ga\/blog\/5-issac-care-fall-alarm\/\">#5 - Issac Care Fall Alarm<\/a><\/li>\n<li><a href=\"https:\/\/agefriendlyhomes.ie\/ga\/blog\/task-community-care\/\">#4 - TASK Community Care<\/a><\/li>\n<li><a href=\"https:\/\/agefriendlyhomes.ie\/ga\/blog\/3-tunstall-panpan-smartwatch\/\">#3 - Tunstall PanPan Smartwatch<\/a><\/li>\n<li><a href=\"https:\/\/agefriendlyhomes.ie\/ga\/blog\/eila-connect\/\">#2 - Eila Connect<\/a><\/li>\n<li><a href=\"https:\/\/agefriendlyhomes.ie\/ga\/blog\/what-is-assistive-technology-a-simple-guide\/\">#1 - What is Assistive Technology? A Simple Guide<\/a><\/li>\n<\/ul>\n<h2 class=\"wsp-telehealths-title\">Telehealth<\/h2>\n<ul class=\"wsp-telehealths-list\">\n<li><a href=\"https:\/\/agefriendlyhomes.ie\/ga\/telehealth\/eila-connect\/\">Eila Connect<\/a><\/li>\n<li><a href=\"https:\/\/agefriendlyhomes.ie\/ga\/telehealth\/symphysis-medical\/\">SymPhysis Medical<\/a><\/li>\n<\/ul>\n<h2 class=\"wsp-slidess-title\">Slides<\/h2>\n<ul class=\"wsp-slidess-list\">\n<li><a href=\"https:\/\/agefriendlyhomes.ie\/ga\/slides\/healthy-age-friendly-homes\/\">Healthy Age Friendly Homes Programme<\/a><\/li>\n<li><a href=\"https:\/\/agefriendlyhomes.ie\/ga\/slides\/grants-and-funding\/\">Grants and Funding<\/a><\/li>\n<li><a href=\"https:\/\/agefriendlyhomes.ie\/ga\/slides\/news-and-updates\/\">News and Updates<\/a><\/li>\n<\/ul>\n<h2 class=\"wsp-resource_typess-title\">Types<\/h2>\n<ul class=\"wsp-resource_typess-list\">\n<li><a href=\"https:\/\/agefriendlyhomes.ie\/ga\/type\/case-studies\/\">Case-studies<\/a><\/li>\n<li><a href=\"https:\/\/agefriendlyhomes.ie\/ga\/type\/design-guidelines\/\">Design guidelines<\/a><\/li>\n<li><a href=\"https:\/\/agefriendlyhomes.ie\/ga\/type\/fact-sheets\/\">Fact sheets<\/a><\/li>\n<li><a href=\"https:\/\/agefriendlyhomes.ie\/ga\/type\/funding-information\/\">Funding information<\/a><\/li>\n<li><a href=\"https:\/\/agefriendlyhomes.ie\/ga\/type\/planning-and-regulation\/\">Planning and regulation<\/a><\/li>\n<li><a href=\"https:\/\/agefriendlyhomes.ie\/ga\/type\/policy\/\">Policy<\/a><\/li>\n<li><a href=\"https:\/\/agefriendlyhomes.ie\/ga\/type\/reports\/\">Reports<\/a><\/li>\n<li><a href=\"https:\/\/agefriendlyhomes.ie\/ga\/type\/research\/\">Research<\/a><\/li>\n<li><a href=\"https:\/\/agefriendlyhomes.ie\/ga\/type\/tips-and-tricks\/\">Tips and tricks<\/a><\/li>\n<\/ul>\n<h2 class=\"wsp-blog_categoriess-title\">Categories<\/h2>\n<ul class=\"wsp-blog_categoriess-list\">\n<li><a href=\"https:\/\/agefriendlyhomes.ie\/ga\/blogs\/category\/assistive-technology\/\">Assistive Technology<\/a><\/li>\n<\/ul>\n<h2 class=\"wsp-telehealth_categoriess-title\">Categories<\/h2>\n<ul class=\"wsp-telehealth_categoriess-list\">\n<li><a href=\"https:\/\/agefriendlyhomes.ie\/ga\/telehealth-category\/medical\/\">Medical<\/a><\/li>\n<li><a href=\"https:\/\/agefriendlyhomes.ie\/ga\/telehealth-category\/self-management\/\">Self Management<\/a><\/li>\n<\/ul>\n<\/div>\n","protected":false},"excerpt":{"rendered":"","protected":false},"author":9992,"featured_media":0,"parent":0,"menu_order":0,"comment_status":"closed","ping_status":"closed","template":"","meta":{"_acf_changed":false,"inline_featured_image":false,"_monsterinsights_skip_tracking":false,"_monsterinsights_sitenote_active":false,"_monsterinsights_sitenote_note":"","_monsterinsights_sitenote_category":0,"_EventAllDay":false,"_EventTimezone":"","_EventStartDate":"","_EventEndDate":"","_EventStartDateUTC":"","_EventEndDateUTC":"","_EventShowMap":false,"_EventShowMapLink":false,"_EventURL":"","_EventCost":"","_EventCostDescription":"","_EventCurrencySymbol":"","_EventCurrencyCode":"","_EventCurrencyPosition":"","_EventDateTimeSeparator":"","_EventTimeRangeSeparator":"","_EventOrganizerID":[],"_EventVenueID":[],"_OrganizerEmail":"","_OrganizerPhone":"","_OrganizerWebsite":"","_VenueAddress":"","_VenueCity":"","_VenueCountry":"","_VenueProvince":"","_VenueState":"","_VenueZip":"","_VenuePhone":"","_VenueURL":"","_VenueStateProvince":"","_VenueLat":"","_VenueLng":"","_VenueShowMap":false,"_VenueShowMapLink":false,"footnotes":""},"class_list":["post-3428","page","type-page","status-publish","hentry"],"acf":[],"_links":{"self":[{"href":"https:\/\/agefriendlyhomes.ie\/ga\/wp-json\/wp\/v2\/pages\/3428","targetHints":{"allow":["GET"]}}],"collection":[{"href":"https:\/\/agefriendlyhomes.ie\/ga\/wp-json\/wp\/v2\/pages"}],"about":[{"href":"https:\/\/agefriendlyhomes.ie\/ga\/wp-json\/wp\/v2\/types\/page"}],"author":[{"embeddable":true,"href":"https:\/\/agefriendlyhomes.ie\/ga\/wp-json\/wp\/v2\/users\/9992"}],"replies":[{"embeddable":true,"href":"https:\/\/agefriendlyhomes.ie\/ga\/wp-json\/wp\/v2\/comments?post=3428"}],"version-history":[{"count":1,"href":"https:\/\/agefriendlyhomes.ie\/ga\/wp-json\/wp\/v2\/pages\/3428\/revisions"}],"predecessor-version":[{"id":3429,"href":"https:\/\/agefriendlyhomes.ie\/ga\/wp-json\/wp\/v2\/pages\/3428\/revisions\/3429"}],"wp:attachment":[{"href":"https:\/\/agefriendlyhomes.ie\/ga\/wp-json\/wp\/v2\/media?parent=3428"}],"curies":[{"name":"wp","href":"https:\/\/api.w.org\/{rel}","templated":true}]}}